{"id":959,"date":"2021-07-01T14:12:26","date_gmt":"2021-07-01T12:12:26","guid":{"rendered":"http:\/\/castellanearbitration.com\/?page_id=959"},"modified":"2025-04-25T15:23:52","modified_gmt":"2025-04-25T13:23:52","slug":"biography","status":"publish","type":"page","link":"https:\/\/castellanearbitration.com\/index.php\/en\/biography\/","title":{"rendered":"Biography"},"content":{"rendered":"<p>[et_pb_section fb_built=\u00a0\u00bb1&Prime; admin_label=\u00a0\u00bbStatistics\u00a0\u00bb _builder_version=\u00a0\u00bb4.16&Prime; background_color=\u00a0\u00bb#516368&Prime; custom_padding=\u00a0\u00bb13px||7px|||\u00a0\u00bb global_colors_info=\u00a0\u00bb{}\u00a0\u00bb][et_pb_row _builder_version=\u00a0\u00bb4.16&Prime; background_size=\u00a0\u00bbinitial\u00a0\u00bb background_position=\u00a0\u00bbtop_left\u00a0\u00bb background_repeat=\u00a0\u00bbrepeat\u00a0\u00bb custom_width_px=\u00a0\u00bb710px\u00a0\u00bb global_colors_info=\u00a0\u00bb{}\u00a0\u00bb][et_pb_column type=\u00a0\u00bb4_4&Prime; _builder_version=\u00a0\u00bb4.16&Prime; background_position=\u00a0\u00bbtop_left\u00a0\u00bb custom_padding=\u00a0\u00bb|||\u00a0\u00bb global_colors_info=\u00a0\u00bb{}\u00a0\u00bb custom_padding__hover=\u00a0\u00bb|||\u00a0\u00bb][et_pb_text admin_label=\u00a0\u00bbStatistics Section Title\u00a0\u00bb _builder_version=\u00a0\u00bb4.16&Prime; header_font=\u00a0\u00bbMontserrat||||\u00a0\u00bb header_text_color=\u00a0\u00bb#1f1f1f\u00a0\u00bb header_font_size=\u00a0\u00bb36px\u00a0\u00bb text_orientation=\u00a0\u00bbcenter\u00a0\u00bb max_width=\u00a0\u00bb710px\u00a0\u00bb module_alignment=\u00a0\u00bbcenter\u00a0\u00bb animation_style=\u00a0\u00bbfold\u00a0\u00bb animation_direction=\u00a0\u00bbbottom\u00a0\u00bb animation_intensity_fold=\u00a0\u00bb20%\u00a0\u00bb global_colors_info=\u00a0\u00bb{}\u00a0\u00bb]<\/p>\n<h1 style=\"text-align: center;\"><span style=\"color: #ffffff;\">Biography<\/span><\/h1>\n<p>[\/et_pb_text][\/et_pb_column][\/et_pb_row][et_pb_row column_structure=\u00a0\u00bb1_3,2_3&Prime; _builder_version=\u00a0\u00bb4.16&Prime; _module_preset=\u00a0\u00bbdefault\u00a0\u00bb global_colors_info=\u00a0\u00bb{}\u00a0\u00bb][et_pb_column type=\u00a0\u00bb1_3&Prime; _builder_version=\u00a0\u00bb4.16&Prime; _module_preset=\u00a0\u00bbdefault\u00a0\u00bb global_colors_info=\u00a0\u00bb{}\u00a0\u00bb][et_pb_image src=\u00a0\u00bbhttps:\/\/castellanearbitration.com\/wp-content\/uploads\/2021\/05\/beatrice_castellane.jpg\u00a0\u00bb title_text=\u00a0\u00bbbeatrice_castellane\u00a0\u00bb align=\u00a0\u00bbcenter\u00a0\u00bb _builder_version=\u00a0\u00bb4.16&Prime; _module_preset=\u00a0\u00bbdefault\u00a0\u00bb global_colors_info=\u00a0\u00bb{}\u00a0\u00bb][\/et_pb_image][et_pb_text _builder_version=\u00a0\u00bb4.16.0&Prime; _module_preset=\u00a0\u00bbdefault\u00a0\u00bb text_font_size=\u00a0\u00bb16px\u00a0\u00bb global_colors_info=\u00a0\u00bb{}\u00a0\u00bb]<\/p>\n<p style=\"text-align: center;\"><span style=\"color: #ffffff;\"><strong>B\u00e9atrice<\/strong><strong> CASTELLANE<\/strong><\/span><\/p>\n<p style=\"text-align: center;\"><span style=\"color: #ffffff;\">International Arbitrator<\/span><strong>\u00a0<\/strong><\/p>\n<p>[\/et_pb_text][et_pb_button button_url=\u00a0\u00bbhttps:\/\/castellanearbitration.com\/wp-content\/uploads\/2025\/04\/2025-04-17-Beatrice-Castellane-CV-EN.pdf\u00a0\u00bb url_new_window=\u00a0\u00bbon\u00a0\u00bb button_text=\u00a0\u00bbCV English\u00a0\u00bb button_alignment=\u00a0\u00bbcenter\u00a0\u00bb _builder_version=\u00a0\u00bb4.27.4&Prime; _module_preset=\u00a0\u00bbdefault\u00a0\u00bb global_colors_info=\u00a0\u00bb{}\u00a0\u00bb][\/et_pb_button][et_pb_button button_url=\u00a0\u00bbhttps:\/\/castellanearbitration.com\/wp-content\/uploads\/2025\/04\/2025-04-17-Beatrice-Castellane-CV-FR.pdf\u00a0\u00bb url_new_window=\u00a0\u00bbon\u00a0\u00bb button_text=\u00a0\u00bbCV French\u00a0\u00bb button_alignment=\u00a0\u00bbcenter\u00a0\u00bb _builder_version=\u00a0\u00bb4.27.4&Prime; _module_preset=\u00a0\u00bbdefault\u00a0\u00bb global_colors_info=\u00a0\u00bb{}\u00a0\u00bb][\/et_pb_button][\/et_pb_column][et_pb_column type=\u00a0\u00bb2_3&Prime; _builder_version=\u00a0\u00bb4.16&Prime; _module_preset=\u00a0\u00bbdefault\u00a0\u00bb global_colors_info=\u00a0\u00bb{}\u00a0\u00bb][et_pb_text _builder_version=\u00a0\u00bb4.21.0&Prime; _module_preset=\u00a0\u00bbdefault\u00a0\u00bb text_font_size=\u00a0\u00bb15px\u00a0\u00bb global_colors_info=\u00a0\u00bb{}\u00a0\u00bb]<\/p>\n<p style=\"text-align: justify;\"><span style=\"color: #ffffff;\">B\u00e9atrice Castellane is an international arbitrator and former elected Member of the Paris Bar Council (2004-2007). Counsel to both French and foreign companies in business and investment cases, she acts as Counsel or Arbitrator in numerous cases relating to construction, mining and raw materials, telecommunications, energy, aviation, maritime matters, agriculture and general trade and investment disputes. Active as both an arbitrator and lawyer in contentious matters arising in Africa, Europe, Asia and the United States, Beatrice is a member of the ICC, HKIAC, OHADA CCJA, CRCICA and KLRCA arbitrator panels and also arbitrates in ad hoc arbitrations in particular under the UNICTRAL rules. As of 31 December 2024, counsel or arbitrator in over 100 cases including 25 international arbitrations as sole arbitrator or president of the arbitral tribunal. Further international experience: professional\/ personal activities in 70 countries (6 continents).<\/span><\/p>\n<p>[\/et_pb_text][et_pb_text _builder_version=\u00a0\u00bb4.27.4&Prime; _module_preset=\u00a0\u00bbdefault\u00a0\u00bb text_font_size=\u00a0\u00bb15px\u00a0\u00bb hover_enabled=\u00a0\u00bb0&Prime; global_colors_info=\u00a0\u00bb{}\u00a0\u00bb sticky_enabled=\u00a0\u00bb0&Prime;]<\/p>\n<p style=\"text-align: justify;\"><span style=\"color: #ffffff;\"><strong>Professional Activities and Memberships<\/strong><br \/>\n\u2022 International arbitrator since 2008<br \/>\n\u2022 Counsel for arbitration proceedings since 1998<br \/>\n\u2022 Former elected Member of the Paris Bar Council (2004-2007)<br \/>\n\u2022 President of the Arbitration Commission of the Comparative Law Society (SLC, Soci\u00e9t\u00e9 de Legislation Compar\u00e9e)<br \/>\n\u2022 Honorary President of the Franco-British Lawyers Society (AJFB-FBLS)<br \/>\n\u2022 Former Member of the Franco-British Council (FBC)<br \/>\n\u2022 Former Director of the French Arbitration Association (AFA, Association Fran\u00e7aise d\u2019Arbitrage)<br \/>\n\u2022 Past President of the French Association of Women Lawyers (AFFJ, Association Fran\u00e7aise des Femmes Juristes) (2008-2010)<br \/>\n\u2022 Member of the UNCITRAL working group II on Arbitration and Conciliation<br \/>\n\u2022 Member of the Editorial Board of the French Business Law journal, \u201cJournal special des soci\u00e9t\u00e9s\u201d<br \/>\n\u2022 Member of the Institute of Directors (IOD, London) (2000 -), certified in International Company Direction (2016)<br \/>\n\u2022 Member of numerous arbitral associations including: International Council for Commercial Arbitration (ICCA), International Arbitration Institute (IAI), French Arbitration Commission (CFA, Comit\u00e9 fran\u00e7ais de l\u2019Arbitrage), International Bar Association (IBA), International Association of Lawyers, (UIA, Union Internationale des Avocats) and Arbitral Women\u2019s Association<br \/>\n\u2022 Member of the Kipling Society<br \/>\n\u2022 Knight of the Legion of Honour (2010) by Foreign Office<br \/>\n\u2022 Officer of the Legion of Honour (2025) by Prime Minister<br \/>\n<\/span><\/p>\n<p>&nbsp;[\/et_pb_text][et_pb_text _builder_version=\u00a0\u00bb4.16&Prime; _module_preset=\u00a0\u00bbdefault\u00a0\u00bb text_font_size=\u00a0\u00bb16px\u00a0\u00bb global_colors_info=\u00a0\u00bb{}\u00a0\u00bb]<\/p>\n<p style=\"text-align: justify;\"><span style=\"color: #ffffff;\"><strong>Education<\/strong><br \/>&#8211; Panth\u00e9on-Sorbonne University (Paris I), DEA Business Law (1981)<br \/>&#8211; Institute of Directors (London), Certificate in International Company Direction (2016)<br \/><\/span><\/p>\n<p>[\/et_pb_text][\/et_pb_column][\/et_pb_row][\/et_pb_section][et_pb_section fb_built=\u00a0\u00bb1&Prime; _builder_version=\u00a0\u00bb4.16&Prime; _module_preset=\u00a0\u00bbdefault\u00a0\u00bb background_color=\u00a0\u00bb#516368&Prime; global_colors_info=\u00a0\u00bb{}\u00a0\u00bb][et_pb_row _builder_version=\u00a0\u00bb4.16&Prime; _module_preset=\u00a0\u00bbdefault\u00a0\u00bb global_colors_info=\u00a0\u00bb{}\u00a0\u00bb][et_pb_column type=\u00a0\u00bb4_4&Prime; _builder_version=\u00a0\u00bb4.16&Prime; _module_preset=\u00a0\u00bbdefault\u00a0\u00bb global_colors_info=\u00a0\u00bb{}\u00a0\u00bb][et_pb_text _builder_version=\u00a0\u00bb4.16&Prime; _module_preset=\u00a0\u00bbdefault\u00a0\u00bb link_font_tablet=\u00a0\u00bb\u00a0\u00bb link_font_phone=\u00a0\u00bb\u00a0\u00bb link_font_last_edited=\u00a0\u00bbon|desktop\u00a0\u00bb global_colors_info=\u00a0\u00bb{}\u00a0\u00bb link_text_color__hover_enabled=\u00a0\u00bbon|hover\u00a0\u00bb link_text_color__hover=\u00a0\u00bb#f7e7ce\u00a0\u00bb]<\/p>\n<p><a href=\"https:\/\/castellanearbitration.com\/wp-content\/uploads\/2021\/06\/2010-12-15-annonces-de-la-seine.pdf\" target=\"_blank\" rel=\"noopener\"><span style=\"color: #ffffff;\">2010-12-15 &#8211; B\u00e9atrice Castellane, Chevalier de La L\u00e9gion d&rsquo;Honneur (FR) <\/span><\/a><br \/><a href=\"https:\/\/castellanearbitration.com\/wp-content\/uploads\/2021\/06\/2010-12-15-annonces-de-la-seine.pdf\" target=\"_blank\" rel=\"noopener\"><span style=\"color: #ffffff;\"><em>Les Annonces de la Seine nr 65, p32<\/em><\/span><\/a><\/p>\n<p><a href=\"https:\/\/castellanearbitration.com\/wp-content\/uploads\/2021\/06\/2016-03-31-Article-Maitre-Castellane-OHADA-appreciation.pdf\" target=\"_blank\" rel=\"noopener\"><em><\/em><\/a><\/p>\n<p>[\/et_pb_text][\/et_pb_column][\/et_pb_row][\/et_pb_section]<\/p>\n","protected":false},"excerpt":{"rendered":"<p>BiographyB\u00e9atrice CASTELLANE International Arbitrator\u00a0B\u00e9atrice Castellane is an international arbitrator and former elected Member of the Paris Bar Council (2004-2007). Counsel to both French and foreign companies in business and investment cases, she acts as Counsel or Arbitrator in numerous cases relating to construction, mining and raw materials, telecommunications, energy, aviation, maritime matters, agriculture and general [&hellip;]<\/p>\n","protected":false},"author":2,"featured_media":0,"parent":0,"menu_order":0,"comment_status":"closed","ping_status":"closed","template":"","meta":{"_et_pb_use_builder":"on","_et_pb_old_content":"","_et_gb_content_width":"","footnotes":""},"class_list":["post-959","page","type-page","status-publish","hentry"],"yoast_head":"<!-- This site is optimized with the Yoast SEO plugin v27.3 - https:\/\/yoast.com\/product\/yoast-seo-wordpress\/ -->\n<title>Biography - Castellane Arbitration<\/title>\n<meta name=\"description\" content=\"Castellane lawers. B\u00e9atrice Castellane. International Arbitrator. Counsel. Member of the Paris Bar as business lawyer. Arbitration.\" \/>\n<meta name=\"robots\" content=\"index, follow, max-snippet:-1, max-image-preview:large, max-video-preview:-1\" \/>\n<link rel=\"canonical\" href=\"https:\/\/castellanearbitration.com\/index.php\/en\/biography\/\" \/>\n<meta property=\"og:locale\" content=\"fr_FR\" \/>\n<meta property=\"og:type\" content=\"article\" \/>\n<meta property=\"og:title\" content=\"Biography - Castellane Arbitration\" \/>\n<meta property=\"og:description\" content=\"Castellane lawers. B\u00e9atrice Castellane. International Arbitrator. Counsel. Member of the Paris Bar as business lawyer. Arbitration.\" \/>\n<meta property=\"og:url\" content=\"https:\/\/castellanearbitration.com\/index.php\/en\/biography\/\" \/>\n<meta property=\"og:site_name\" content=\"Castellane Arbitration\" \/>\n<meta property=\"article:modified_time\" content=\"2025-04-25T13:23:52+00:00\" \/>\n<meta name=\"twitter:card\" content=\"summary_large_image\" \/>\n<meta name=\"twitter:label1\" content=\"Dur\u00e9e de lecture estim\u00e9e\" \/>\n\t<meta name=\"twitter:data1\" content=\"3 minutes\" \/>\n<script type=\"application\/ld+json\" class=\"yoast-schema-graph\">{\"@context\":\"https:\\\/\\\/schema.org\",\"@graph\":[{\"@type\":\"WebPage\",\"@id\":\"https:\\\/\\\/castellanearbitration.com\\\/index.php\\\/en\\\/biography\\\/\",\"url\":\"https:\\\/\\\/castellanearbitration.com\\\/index.php\\\/en\\\/biography\\\/\",\"name\":\"Biography - Castellane Arbitration\",\"isPartOf\":{\"@id\":\"https:\\\/\\\/castellanearbitration.com\\\/#website\"},\"datePublished\":\"2021-07-01T12:12:26+00:00\",\"dateModified\":\"2025-04-25T13:23:52+00:00\",\"description\":\"Castellane lawers. B\u00e9atrice Castellane. International Arbitrator. Counsel. Member of the Paris Bar as business lawyer. Arbitration.\",\"breadcrumb\":{\"@id\":\"https:\\\/\\\/castellanearbitration.com\\\/index.php\\\/en\\\/biography\\\/#breadcrumb\"},\"inLanguage\":\"fr-FR\",\"potentialAction\":[{\"@type\":\"ReadAction\",\"target\":[\"https:\\\/\\\/castellanearbitration.com\\\/index.php\\\/en\\\/biography\\\/\"]}]},{\"@type\":\"BreadcrumbList\",\"@id\":\"https:\\\/\\\/castellanearbitration.com\\\/index.php\\\/en\\\/biography\\\/#breadcrumb\",\"itemListElement\":[{\"@type\":\"ListItem\",\"position\":1,\"name\":\"Accueil\",\"item\":\"https:\\\/\\\/castellanearbitration.com\\\/\"},{\"@type\":\"ListItem\",\"position\":2,\"name\":\"Biography\"}]},{\"@type\":\"WebSite\",\"@id\":\"https:\\\/\\\/castellanearbitration.com\\\/#website\",\"url\":\"https:\\\/\\\/castellanearbitration.com\\\/\",\"name\":\"Castellane Arbitration\",\"description\":\"Arbitrage international et Conseil\",\"potentialAction\":[{\"@type\":\"SearchAction\",\"target\":{\"@type\":\"EntryPoint\",\"urlTemplate\":\"https:\\\/\\\/castellanearbitration.com\\\/?s={search_term_string}\"},\"query-input\":{\"@type\":\"PropertyValueSpecification\",\"valueRequired\":true,\"valueName\":\"search_term_string\"}}],\"inLanguage\":\"fr-FR\"}]}<\/script>\n<!-- \/ Yoast SEO plugin. -->","yoast_head_json":{"title":"Biography - Castellane Arbitration","description":"Castellane lawers. B\u00e9atrice Castellane. International Arbitrator. Counsel. Member of the Paris Bar as business lawyer. Arbitration.","robots":{"index":"index","follow":"follow","max-snippet":"max-snippet:-1","max-image-preview":"max-image-preview:large","max-video-preview":"max-video-preview:-1"},"canonical":"https:\/\/castellanearbitration.com\/index.php\/en\/biography\/","og_locale":"fr_FR","og_type":"article","og_title":"Biography - Castellane Arbitration","og_description":"Castellane lawers. B\u00e9atrice Castellane. International Arbitrator. Counsel. Member of the Paris Bar as business lawyer. Arbitration.","og_url":"https:\/\/castellanearbitration.com\/index.php\/en\/biography\/","og_site_name":"Castellane Arbitration","article_modified_time":"2025-04-25T13:23:52+00:00","twitter_card":"summary_large_image","twitter_misc":{"Dur\u00e9e de lecture estim\u00e9e":"3 minutes"},"schema":{"@context":"https:\/\/schema.org","@graph":[{"@type":"WebPage","@id":"https:\/\/castellanearbitration.com\/index.php\/en\/biography\/","url":"https:\/\/castellanearbitration.com\/index.php\/en\/biography\/","name":"Biography - Castellane Arbitration","isPartOf":{"@id":"https:\/\/castellanearbitration.com\/#website"},"datePublished":"2021-07-01T12:12:26+00:00","dateModified":"2025-04-25T13:23:52+00:00","description":"Castellane lawers. B\u00e9atrice Castellane. International Arbitrator. Counsel. Member of the Paris Bar as business lawyer. Arbitration.","breadcrumb":{"@id":"https:\/\/castellanearbitration.com\/index.php\/en\/biography\/#breadcrumb"},"inLanguage":"fr-FR","potentialAction":[{"@type":"ReadAction","target":["https:\/\/castellanearbitration.com\/index.php\/en\/biography\/"]}]},{"@type":"BreadcrumbList","@id":"https:\/\/castellanearbitration.com\/index.php\/en\/biography\/#breadcrumb","itemListElement":[{"@type":"ListItem","position":1,"name":"Accueil","item":"https:\/\/castellanearbitration.com\/"},{"@type":"ListItem","position":2,"name":"Biography"}]},{"@type":"WebSite","@id":"https:\/\/castellanearbitration.com\/#website","url":"https:\/\/castellanearbitration.com\/","name":"Castellane Arbitration","description":"Arbitrage international et Conseil","potentialAction":[{"@type":"SearchAction","target":{"@type":"EntryPoint","urlTemplate":"https:\/\/castellanearbitration.com\/?s={search_term_string}"},"query-input":{"@type":"PropertyValueSpecification","valueRequired":true,"valueName":"search_term_string"}}],"inLanguage":"fr-FR"}]}},"_links":{"self":[{"href":"https:\/\/castellanearbitration.com\/index.php\/wp-json\/wp\/v2\/pages\/959","targetHints":{"allow":["GET"]}}],"collection":[{"href":"https:\/\/castellanearbitration.com\/index.php\/wp-json\/wp\/v2\/pages"}],"about":[{"href":"https:\/\/castellanearbitration.com\/index.php\/wp-json\/wp\/v2\/types\/page"}],"author":[{"embeddable":true,"href":"https:\/\/castellanearbitration.com\/index.php\/wp-json\/wp\/v2\/users\/2"}],"replies":[{"embeddable":true,"href":"https:\/\/castellanearbitration.com\/index.php\/wp-json\/wp\/v2\/comments?post=959"}],"version-history":[{"count":13,"href":"https:\/\/castellanearbitration.com\/index.php\/wp-json\/wp\/v2\/pages\/959\/revisions"}],"predecessor-version":[{"id":10208,"href":"https:\/\/castellanearbitration.com\/index.php\/wp-json\/wp\/v2\/pages\/959\/revisions\/10208"}],"wp:attachment":[{"href":"https:\/\/castellanearbitration.com\/index.php\/wp-json\/wp\/v2\/media?parent=959"}],"curies":[{"name":"wp","href":"https:\/\/api.w.org\/{rel}","templated":true}]}}