{"id":727,"date":"2021-06-18T08:41:34","date_gmt":"2021-06-18T06:41:34","guid":{"rendered":"http:\/\/castellanearbitration.com\/?page_id=727"},"modified":"2021-07-04T17:00:15","modified_gmt":"2021-07-04T15:00:15","slug":"dossiers-conseil","status":"publish","type":"page","link":"https:\/\/castellanearbitration.com\/index.php\/dossiers-conseil\/","title":{"rendered":"Dossiers-Conseil"},"content":{"rendered":"\n[et_pb_section fb_built=\u00a0\u00bb1&Prime; admin_label=\u00a0\u00bbStatistics\u00a0\u00bb _builder_version=\u00a0\u00bb4.9.4&Prime; background_color=\u00a0\u00bb#516368&Prime; custom_padding=\u00a0\u00bb13px||7px|||\u00a0\u00bb][et_pb_row _builder_version=\u00a0\u00bb3.25&Prime; background_size=\u00a0\u00bbinitial\u00a0\u00bb background_position=\u00a0\u00bbtop_left\u00a0\u00bb background_repeat=\u00a0\u00bbrepeat\u00a0\u00bb custom_width_px=\u00a0\u00bb710px\u00a0\u00bb][et_pb_column type=\u00a0\u00bb4_4&Prime; _builder_version=\u00a0\u00bb3.25&Prime; background_position=\u00a0\u00bbtop_left\u00a0\u00bb custom_padding=\u00a0\u00bb|||\u00a0\u00bb custom_padding__hover=\u00a0\u00bb|||\u00a0\u00bb][et_pb_text admin_label=\u00a0\u00bbStatistics Section Title\u00a0\u00bb _builder_version=\u00a0\u00bb4.9.4&Prime; header_font=\u00a0\u00bbMontserrat||||\u00a0\u00bb header_text_color=\u00a0\u00bb#1f1f1f\u00a0\u00bb header_font_size=\u00a0\u00bb36px\u00a0\u00bb text_orientation=\u00a0\u00bbcenter\u00a0\u00bb max_width=\u00a0\u00bb710px\u00a0\u00bb module_alignment=\u00a0\u00bbcenter\u00a0\u00bb animation_style=\u00a0\u00bbfold\u00a0\u00bb animation_direction=\u00a0\u00bbbottom\u00a0\u00bb animation_intensity_fold=\u00a0\u00bb20%\u00a0\u00bb]<h1 style=\"text-align: center;\"><span style=\"color: #ffffff;\">Dossiers r\u00e9cents en qualit\u00e9 de Conseil<br \/><\/span><\/h1>[\/et_pb_text][\/et_pb_column][\/et_pb_row][et_pb_row _builder_version=\u00a0\u00bb4.9.4&Prime; _module_preset=\u00a0\u00bbdefault\u00a0\u00bb][et_pb_column type=\u00a0\u00bb4_4&Prime; _builder_version=\u00a0\u00bb4.9.4&Prime; _module_preset=\u00a0\u00bbdefault\u00a0\u00bb][et_pb_text _builder_version=\u00a0\u00bb4.9.7&Prime; _module_preset=\u00a0\u00bbdefault\u00a0\u00bb text_text_color=\u00a0\u00bb#f7e7ce\u00a0\u00bb hover_enabled=\u00a0\u00bb0&Prime; sticky_enabled=\u00a0\u00bb0&Prime;]<ul>\n<li class=\"m6831787951781488578msolistparagraph\" style=\"text-align: justify;\"><span style=\"font-size: 10.5pt;\">\u00a0Conseil d\u2019un groupe \u00e9tranger contre un \u00c9tat pour l\u2019inopposabilit\u00e9 de sentences arbitrales internationales (si\u00e8ge Paris)<\/span><o:p><\/o:p><\/li>\n<li class=\"m6831787951781488578msolistparagraph\" style=\"text-align: justify;\"><span style=\"font-size: 10.5pt;\">Conseil d\u2019une soci\u00e9t\u00e9 nord-africaine dans le cadre d\u2019un diff\u00e9rend contre une soci\u00e9t\u00e9 cot\u00e9e turque concernant la commission r\u00e9sultant d\u2019un contrat de construction (arbitrage CCI)<\/span><o:p><\/o:p><\/li>\n<li class=\"m6831787951781488578msolistparagraph\" style=\"text-align: justify;\"><span style=\"font-size: 10.5pt;\">Conseil d\u2019une soci\u00e9t\u00e9 de t\u00e9l\u00e9communications dans un diff\u00e9rend entre actionnaires concernant une entreprise africaine et une soci\u00e9t\u00e9 \u00e9tatique du Proche-Orient (arbitrages CCI et OHADA CCJA)<\/span><o:p><\/o:p><\/li>\n<li class=\"m6831787951781488578msolistparagraph\" style=\"text-align: justify;\"><span style=\"font-size: 10.5pt;\">Conseil d\u2019une soci\u00e9t\u00e9 d\u2019informatique dans un diff\u00e9rend gagn\u00e9 contre un \u00c9tat, concernant la contrefa\u00e7on d\u2019un logiciel <\/span><o:p><\/o:p><\/li>\n<li class=\"m6831787951781488578msolistparagraph\" style=\"text-align: justify;\"><span style=\"font-size: 10.5pt;\">Conseil d\u2019un investisseur africain contre un \u00c9tat africain dans le cadre de la privatisation du secteur coton (arbitrage OHADA CCJA)<\/span><\/li>\n<li class=\"m6831787951781488578msolistparagraph\" style=\"text-align: justify;\"><span style=\"font-size: 10.5pt;\">Conseil d\u2019une entreprise africaine dans un diff\u00e9rend avec un \u00c9tat africain concernant les t\u00e9l\u00e9communications (arbitrages CCI et OHADA)<\/span><o:p><\/o:p><\/li>\n<li class=\"m6831787951781488578msolistparagraph\" style=\"text-align: justify;\"><span style=\"font-size: 10.5pt;\">Conseil d\u2019une compagnie a\u00e9rienne dans le cadre d\u2019un diff\u00e9rend entre actionnaires impliquant une soci\u00e9t\u00e9 europ\u00e9enne UE et une entreprise africaine (arbitrage ad hoc CNUDCI)<\/span><o:p><\/o:p><\/li>\n<li class=\"m6831787951781488578msolistparagraph\" style=\"text-align: justify;\"><span style=\"font-size: 10.5pt;\">Conseil d\u2019une entreprise de t\u00e9l\u00e9communications dans le cadre d\u2019une offre public d\u2019achat hostile concernant deux entreprises africaines (arbitrage OHADA CCJA)<\/span><o:p><\/o:p><\/li>\n<li class=\"m6831787951781488578msolistparagraph\" style=\"text-align: justify;\"><span style=\"font-size: 10.5pt;\">Conseil d\u2019une soci\u00e9t\u00e9 de Hong Kong dans un arbitrage CCI concernant des contrats de vente et le non-paiement de commissions <\/span><o:p><\/o:p><\/li>\n<li class=\"m6831787951781488578msolistparagraph\" style=\"text-align: justify;\"><span style=\"font-size: 10.5pt;\">Conseil d\u2019une entreprise fran\u00e7aise contre un fournisseur chinois dans le cadre d\u2019une livraison non conforme de rev\u00eatements de sols collectifs (Arbitrage AFA)<\/span><o:p><\/o:p><\/li>\n<li>Conseil dans 25 diff\u00e9rends concernant la construction d\u2019immeubles et de travaux publics (qualit\u00e9 des produits utilis\u00e9s, conformit\u00e9 des mat\u00e9riaux, respect des sp\u00e9cifications, risques, inspections techniques, quantification des dommages, prolongations des d\u00e9lais, garanties, hygi\u00e8ne et s\u00e9curit\u00e9, travaux de rev\u00eatement, d&rsquo;isolation et de b\u00e2timent en g\u00e9n\u00e9ral, termes des paiements, \u2026)<span style=\"font-size: 10.5pt;\"><\/span><\/li>\n<\/ul>[\/et_pb_text][\/et_pb_column][\/et_pb_row][\/et_pb_section]\n","protected":false},"excerpt":{"rendered":"<p>Dossiers r\u00e9cents en qualit\u00e9 de Conseil \u00a0Conseil d\u2019un groupe \u00e9tranger contre un \u00c9tat pour l\u2019inopposabilit\u00e9 de sentences arbitrales internationales (si\u00e8ge Paris) Conseil d\u2019une soci\u00e9t\u00e9 nord-africaine dans le cadre d\u2019un diff\u00e9rend contre une soci\u00e9t\u00e9 cot\u00e9e turque concernant la commission r\u00e9sultant d\u2019un contrat de construction (arbitrage CCI) Conseil d\u2019une soci\u00e9t\u00e9 de t\u00e9l\u00e9communications dans un diff\u00e9rend entre actionnaires [&hellip;]<\/p>\n","protected":false},"author":2,"featured_media":0,"parent":0,"menu_order":0,"comment_status":"closed","ping_status":"closed","template":"","meta":{"_et_pb_use_builder":"on","_et_pb_old_content":"","_et_gb_content_width":"","footnotes":""},"class_list":["post-727","page","type-page","status-publish","hentry"],"yoast_head":"<!-- This site is optimized with the Yoast SEO plugin v27.3 - https:\/\/yoast.com\/product\/yoast-seo-wordpress\/ -->\n<title>Dossiers-Conseil - Castellane Arbitration<\/title>\n<meta name=\"description\" content=\"Cabinet Castellane Avocats - Arbitrage international - Conseil de parties en arbitrage - B\u00e9atrice Castellane - Avocate au Barreau de Paris depuis 1983 -\" \/>\n<meta name=\"robots\" content=\"index, follow, max-snippet:-1, max-image-preview:large, max-video-preview:-1\" \/>\n<link rel=\"canonical\" href=\"https:\/\/castellanearbitration.com\/index.php\/dossiers-conseil\/\" \/>\n<meta property=\"og:locale\" content=\"fr_FR\" \/>\n<meta property=\"og:type\" content=\"article\" \/>\n<meta property=\"og:title\" content=\"Dossiers-Conseil - Castellane Arbitration\" \/>\n<meta property=\"og:description\" content=\"Cabinet Castellane Avocats - Arbitrage international - Conseil de parties en arbitrage - B\u00e9atrice Castellane - Avocate au Barreau de Paris depuis 1983 -\" \/>\n<meta property=\"og:url\" content=\"https:\/\/castellanearbitration.com\/index.php\/dossiers-conseil\/\" \/>\n<meta property=\"og:site_name\" content=\"Castellane Arbitration\" \/>\n<meta property=\"article:modified_time\" content=\"2021-07-04T15:00:15+00:00\" \/>\n<meta name=\"twitter:card\" content=\"summary_large_image\" \/>\n<meta name=\"twitter:label1\" content=\"Dur\u00e9e de lecture estim\u00e9e\" \/>\n\t<meta name=\"twitter:data1\" content=\"2 minutes\" \/>\n<script type=\"application\/ld+json\" class=\"yoast-schema-graph\">{\"@context\":\"https:\\\/\\\/schema.org\",\"@graph\":[{\"@type\":\"WebPage\",\"@id\":\"https:\\\/\\\/castellanearbitration.com\\\/index.php\\\/dossiers-conseil\\\/\",\"url\":\"https:\\\/\\\/castellanearbitration.com\\\/index.php\\\/dossiers-conseil\\\/\",\"name\":\"Dossiers-Conseil - Castellane Arbitration\",\"isPartOf\":{\"@id\":\"https:\\\/\\\/castellanearbitration.com\\\/#website\"},\"datePublished\":\"2021-06-18T06:41:34+00:00\",\"dateModified\":\"2021-07-04T15:00:15+00:00\",\"description\":\"Cabinet Castellane Avocats - Arbitrage international - Conseil de parties en arbitrage - B\u00e9atrice Castellane - Avocate au Barreau de Paris depuis 1983 -\",\"breadcrumb\":{\"@id\":\"https:\\\/\\\/castellanearbitration.com\\\/index.php\\\/dossiers-conseil\\\/#breadcrumb\"},\"inLanguage\":\"fr-FR\",\"potentialAction\":[{\"@type\":\"ReadAction\",\"target\":[\"https:\\\/\\\/castellanearbitration.com\\\/index.php\\\/dossiers-conseil\\\/\"]}]},{\"@type\":\"BreadcrumbList\",\"@id\":\"https:\\\/\\\/castellanearbitration.com\\\/index.php\\\/dossiers-conseil\\\/#breadcrumb\",\"itemListElement\":[{\"@type\":\"ListItem\",\"position\":1,\"name\":\"Accueil\",\"item\":\"https:\\\/\\\/castellanearbitration.com\\\/\"},{\"@type\":\"ListItem\",\"position\":2,\"name\":\"Dossiers-Conseil\"}]},{\"@type\":\"WebSite\",\"@id\":\"https:\\\/\\\/castellanearbitration.com\\\/#website\",\"url\":\"https:\\\/\\\/castellanearbitration.com\\\/\",\"name\":\"Castellane Arbitration\",\"description\":\"Arbitrage international et Conseil\",\"potentialAction\":[{\"@type\":\"SearchAction\",\"target\":{\"@type\":\"EntryPoint\",\"urlTemplate\":\"https:\\\/\\\/castellanearbitration.com\\\/?s={search_term_string}\"},\"query-input\":{\"@type\":\"PropertyValueSpecification\",\"valueRequired\":true,\"valueName\":\"search_term_string\"}}],\"inLanguage\":\"fr-FR\"}]}<\/script>\n<!-- \/ Yoast SEO plugin. -->","yoast_head_json":{"title":"Dossiers-Conseil - Castellane Arbitration","description":"Cabinet Castellane Avocats - Arbitrage international - Conseil de parties en arbitrage - B\u00e9atrice Castellane - Avocate au Barreau de Paris depuis 1983 -","robots":{"index":"index","follow":"follow","max-snippet":"max-snippet:-1","max-image-preview":"max-image-preview:large","max-video-preview":"max-video-preview:-1"},"canonical":"https:\/\/castellanearbitration.com\/index.php\/dossiers-conseil\/","og_locale":"fr_FR","og_type":"article","og_title":"Dossiers-Conseil - Castellane Arbitration","og_description":"Cabinet Castellane Avocats - Arbitrage international - Conseil de parties en arbitrage - B\u00e9atrice Castellane - Avocate au Barreau de Paris depuis 1983 -","og_url":"https:\/\/castellanearbitration.com\/index.php\/dossiers-conseil\/","og_site_name":"Castellane Arbitration","article_modified_time":"2021-07-04T15:00:15+00:00","twitter_card":"summary_large_image","twitter_misc":{"Dur\u00e9e de lecture estim\u00e9e":"2 minutes"},"schema":{"@context":"https:\/\/schema.org","@graph":[{"@type":"WebPage","@id":"https:\/\/castellanearbitration.com\/index.php\/dossiers-conseil\/","url":"https:\/\/castellanearbitration.com\/index.php\/dossiers-conseil\/","name":"Dossiers-Conseil - Castellane Arbitration","isPartOf":{"@id":"https:\/\/castellanearbitration.com\/#website"},"datePublished":"2021-06-18T06:41:34+00:00","dateModified":"2021-07-04T15:00:15+00:00","description":"Cabinet Castellane Avocats - Arbitrage international - Conseil de parties en arbitrage - B\u00e9atrice Castellane - Avocate au Barreau de Paris depuis 1983 -","breadcrumb":{"@id":"https:\/\/castellanearbitration.com\/index.php\/dossiers-conseil\/#breadcrumb"},"inLanguage":"fr-FR","potentialAction":[{"@type":"ReadAction","target":["https:\/\/castellanearbitration.com\/index.php\/dossiers-conseil\/"]}]},{"@type":"BreadcrumbList","@id":"https:\/\/castellanearbitration.com\/index.php\/dossiers-conseil\/#breadcrumb","itemListElement":[{"@type":"ListItem","position":1,"name":"Accueil","item":"https:\/\/castellanearbitration.com\/"},{"@type":"ListItem","position":2,"name":"Dossiers-Conseil"}]},{"@type":"WebSite","@id":"https:\/\/castellanearbitration.com\/#website","url":"https:\/\/castellanearbitration.com\/","name":"Castellane Arbitration","description":"Arbitrage international et Conseil","potentialAction":[{"@type":"SearchAction","target":{"@type":"EntryPoint","urlTemplate":"https:\/\/castellanearbitration.com\/?s={search_term_string}"},"query-input":{"@type":"PropertyValueSpecification","valueRequired":true,"valueName":"search_term_string"}}],"inLanguage":"fr-FR"}]}},"_links":{"self":[{"href":"https:\/\/castellanearbitration.com\/index.php\/wp-json\/wp\/v2\/pages\/727","targetHints":{"allow":["GET"]}}],"collection":[{"href":"https:\/\/castellanearbitration.com\/index.php\/wp-json\/wp\/v2\/pages"}],"about":[{"href":"https:\/\/castellanearbitration.com\/index.php\/wp-json\/wp\/v2\/types\/page"}],"author":[{"embeddable":true,"href":"https:\/\/castellanearbitration.com\/index.php\/wp-json\/wp\/v2\/users\/2"}],"replies":[{"embeddable":true,"href":"https:\/\/castellanearbitration.com\/index.php\/wp-json\/wp\/v2\/comments?post=727"}],"version-history":[{"count":0,"href":"https:\/\/castellanearbitration.com\/index.php\/wp-json\/wp\/v2\/pages\/727\/revisions"}],"wp:attachment":[{"href":"https:\/\/castellanearbitration.com\/index.php\/wp-json\/wp\/v2\/media?parent=727"}],"curies":[{"name":"wp","href":"https:\/\/api.w.org\/{rel}","templated":true}]}}