{"id":660,"date":"2021-06-16T14:03:56","date_gmt":"2021-06-16T12:03:56","guid":{"rendered":"http:\/\/castellanearbitration.com\/?page_id=660"},"modified":"2025-04-22T14:37:31","modified_gmt":"2025-04-22T12:37:31","slug":"biographie","status":"publish","type":"page","link":"https:\/\/castellanearbitration.com\/index.php\/biographie\/","title":{"rendered":"Biographie"},"content":{"rendered":"<p>[et_pb_section fb_built=\u00a0\u00bb1&Prime; admin_label=\u00a0\u00bbStatistics\u00a0\u00bb _builder_version=\u00a0\u00bb4.16&Prime; background_color=\u00a0\u00bb#516368&Prime; custom_padding=\u00a0\u00bb13px||7px|||\u00a0\u00bb global_colors_info=\u00a0\u00bb{}\u00a0\u00bb][et_pb_row _builder_version=\u00a0\u00bb4.16&Prime; background_size=\u00a0\u00bbinitial\u00a0\u00bb background_position=\u00a0\u00bbtop_left\u00a0\u00bb background_repeat=\u00a0\u00bbrepeat\u00a0\u00bb custom_width_px=\u00a0\u00bb710px\u00a0\u00bb global_colors_info=\u00a0\u00bb{}\u00a0\u00bb][et_pb_column type=\u00a0\u00bb4_4&Prime; _builder_version=\u00a0\u00bb4.16&Prime; background_position=\u00a0\u00bbtop_left\u00a0\u00bb custom_padding=\u00a0\u00bb|||\u00a0\u00bb global_colors_info=\u00a0\u00bb{}\u00a0\u00bb custom_padding__hover=\u00a0\u00bb|||\u00a0\u00bb][et_pb_text admin_label=\u00a0\u00bbStatistics Section Title\u00a0\u00bb _builder_version=\u00a0\u00bb4.16&Prime; header_font=\u00a0\u00bbMontserrat||||\u00a0\u00bb header_text_color=\u00a0\u00bb#1f1f1f\u00a0\u00bb header_font_size=\u00a0\u00bb36px\u00a0\u00bb text_orientation=\u00a0\u00bbcenter\u00a0\u00bb max_width=\u00a0\u00bb710px\u00a0\u00bb module_alignment=\u00a0\u00bbcenter\u00a0\u00bb animation_style=\u00a0\u00bbfold\u00a0\u00bb animation_direction=\u00a0\u00bbbottom\u00a0\u00bb animation_intensity_fold=\u00a0\u00bb20%\u00a0\u00bb global_colors_info=\u00a0\u00bb{}\u00a0\u00bb]<\/p>\n<h1 style=\"text-align: center;\"><span style=\"color: #ffffff;\">Biographie<\/span><\/h1>\n<p>[\/et_pb_text][\/et_pb_column][\/et_pb_row][et_pb_row column_structure=\u00a0\u00bb1_3,2_3&Prime; _builder_version=\u00a0\u00bb4.16&Prime; _module_preset=\u00a0\u00bbdefault\u00a0\u00bb global_colors_info=\u00a0\u00bb{}\u00a0\u00bb][et_pb_column type=\u00a0\u00bb1_3&Prime; _builder_version=\u00a0\u00bb4.16&Prime; _module_preset=\u00a0\u00bbdefault\u00a0\u00bb global_colors_info=\u00a0\u00bb{}\u00a0\u00bb][et_pb_image src=\u00a0\u00bbhttps:\/\/castellanearbitration.com\/wp-content\/uploads\/2021\/05\/beatrice_castellane.jpg\u00a0\u00bb title_text=\u00a0\u00bbbeatrice_castellane\u00a0\u00bb align=\u00a0\u00bbcenter\u00a0\u00bb _builder_version=\u00a0\u00bb4.16&Prime; _module_preset=\u00a0\u00bbdefault\u00a0\u00bb global_colors_info=\u00a0\u00bb{}\u00a0\u00bb][\/et_pb_image][et_pb_text _builder_version=\u00a0\u00bb4.27.4&Prime; _module_preset=\u00a0\u00bbdefault\u00a0\u00bb text_font_size=\u00a0\u00bb16px\u00a0\u00bb global_colors_info=\u00a0\u00bb{}\u00a0\u00bb]<\/p>\n<p style=\"text-align: center;\"><span style=\"color: #ffffff;\"><strong>B\u00e9atrice<\/strong><strong> CASTELLANE<\/strong><\/span><\/p>\n<p style=\"text-align: center;\"><span style=\"color: #ffffff;\">Arbitre Internationale<\/span><strong>\u00a0<\/strong><\/p>\n<p>[\/et_pb_text][et_pb_button button_url=\u00a0\u00bbhttps:\/\/castellanearbitration.com\/wp-content\/uploads\/2025\/04\/2025-04-17-Beatrice-Castellane-CV-FR.pdf\u00a0\u00bb url_new_window=\u00a0\u00bbon\u00a0\u00bb button_text=\u00a0\u00bbCV en fran\u00e7ais\u00a0\u00bb button_alignment=\u00a0\u00bbcenter\u00a0\u00bb _builder_version=\u00a0\u00bb4.27.4&Prime; _module_preset=\u00a0\u00bbdefault\u00a0\u00bb global_colors_info=\u00a0\u00bb{}\u00a0\u00bb][\/et_pb_button][et_pb_button button_url=\u00a0\u00bbhttps:\/\/castellanearbitration.com\/wp-content\/uploads\/2025\/04\/2025-04-17-Beatrice-Castellane-CV-EN.pdf\u00a0\u00bb url_new_window=\u00a0\u00bbon\u00a0\u00bb button_text=\u00a0\u00bbCV en anglais\u00a0\u00bb button_alignment=\u00a0\u00bbcenter\u00a0\u00bb _builder_version=\u00a0\u00bb4.27.4&Prime; _module_preset=\u00a0\u00bbdefault\u00a0\u00bb global_colors_info=\u00a0\u00bb{}\u00a0\u00bb][\/et_pb_button][\/et_pb_column][et_pb_column type=\u00a0\u00bb2_3&Prime; _builder_version=\u00a0\u00bb4.16&Prime; _module_preset=\u00a0\u00bbdefault\u00a0\u00bb global_colors_info=\u00a0\u00bb{}\u00a0\u00bb][et_pb_text _builder_version=\u00a0\u00bb4.27.4&Prime; _module_preset=\u00a0\u00bbdefault\u00a0\u00bb text_font_size=\u00a0\u00bb15px\u00a0\u00bb global_colors_info=\u00a0\u00bb{}\u00a0\u00bb]<\/p>\n<p style=\"text-align: justify;\"><span style=\"color: #ffffff;\"> Fondatrice du Cabinet CASTELLANE AVOCATS et Avocate d\u2019affaires inscrite au Barreau de Paris depuis 1983, B\u00e9atrice Castellane est Arbitre internationale depuis 2008 et Ancien Membre du Conseil de l\u2019Ordre des Avocats de Paris (2004-2007). Conseil de soci\u00e9t\u00e9s fran\u00e7aises et \u00e9trang\u00e8res, elle est intervenue en qualit\u00e9 de conseil ou d\u2019arbitre dans de nombreuses affaires commerciales et d\u2019investissement touchant aux domaines de l\u2019industrie, de la distribution, des mati\u00e8res premi\u00e8res et mini\u00e8res, des t\u00e9l\u00e9communications, de la construction, de l\u2019\u00e9nergie, du transport a\u00e9rien et en mati\u00e8re maritime, de l\u2019agriculture, et du n\u00e9goce d\u2019une mani\u00e8re g\u00e9n\u00e9rale. Agissant en qualit\u00e9 d\u2019Arbitre dans des cas impliquant des parties en Afrique, en Europe, en Asie et aux Etats-Unis, elle fait partie de plusieurs panels d\u2019arbitres (y compris ICC, OHADA CCJA, KLRCA, CRCICA et HKIAC) et elle intervient dans des arbitrages ad hoc en particulier sous les r\u00e8gles de la CNUDCI. Au 31 d\u00e9cembre 2024, elle a \u00e9t\u00e9 conseil ou arbitre dans plus de 100 dossiers dont 25 arbitrages internationaux dans lesquels elle a \u00e9t\u00e9 arbitre unique ou pr\u00e9sidente. \u00c0 cette m\u00eame date, elle conna\u00eet 70 pays (sur 6 continents) dans un cadre professionnel ou personnel.<\/span><\/p>\n<p>[\/et_pb_text][et_pb_text _builder_version=\u00a0\u00bb4.27.4&Prime; _module_preset=\u00a0\u00bbdefault\u00a0\u00bb text_font_size=\u00a0\u00bb15px\u00a0\u00bb global_colors_info=\u00a0\u00bb{}\u00a0\u00bb]<\/p>\n<ul>\n<li style=\"text-align: justify;\"><span style=\"color: #ffffff;\"><br \/>\n\u2022 Arbitre internationale depuis 2008<\/span><\/li>\n<li style=\"text-align: justify;\"><span style=\"color: #ffffff;\">\u2022 Conseil en arbitrage depuis 1998<\/span><\/li>\n<li style=\"text-align: justify;\"><span style=\"color: #ffffff;\">\u2022 Ancien Membre du Conseil de l\u2019Ordre des Avocats de Paris (2004-2007)<br \/>\n\u2022 Pr\u00e9sidente de la section Arbitrage &amp; ADR de la Soci\u00e9t\u00e9 de L\u00e9gislation Compar\u00e9e (SLC)<br \/>\n\u2022 Pr\u00e9sidente d\u2019Honneur de l\u2019Association des Juristes Franco-Britanniques (AJFB-FBLS)<br \/>\n\u2022 Ancien Membre du Conseil Franco-Britannique (CFB)<br \/>\n\u2022 Ancien Administrateur de l&rsquo;Association Fran\u00e7aise d&rsquo;Arbitrage (AFA)<br \/>\n\u2022 Membre du groupe de travail II de la CNUDCI sur l&rsquo;arbitrage international et la conciliation<br \/>\n\u2022 Membre du comit\u00e9 de r\u00e9daction du Journal sp\u00e9cial des soci\u00e9t\u00e9s (Revue mensuelle)<br \/>\n\u2022 Membre de l&rsquo;Institut des Administrateurs de Londres (\u00ab Institute of Directors IOD London \u00bb) (2000 &#8211; )<br \/>\n\u2022 Membre de plusieurs associations arbitrales y compris \u00ab International Council for Commercial Arbitration \u00bb (ICCA), Membre de \u00ab International Arbitration Institute \u00bb (IAI), Membre du Comit\u00e9 Fran\u00e7ais de l\u2019Arbitrage (CFA), Membre de \u00ab l\u2019International Bar Association \u00bb (IBA), Membre de l\u2019Union Internationale des Avocats (UIA), Membre de l&rsquo;Association \u00ab Arbitral Women \u00bb<br \/>\n\u2022 Ancienne Pr\u00e9sidente de l\u2019Association Fran\u00e7aise des Femmes Juristes (AFFJ) (2008-2010)<br \/>\n\u2022 Membre de la \u00ab Kipling Society \u00bb \u00e0 Londres<br \/>\n\u2022 Chevalier de la L\u00e9gion d\u2019Honneur (P\u00e2ques 2010 \u2013 Ministre des Affaires Etrang\u00e8res)<br \/>\n\u2022 Officier de la L\u00e9gion d\u2019honneur (15 janvier 2025 \u2013 Premier ministre)<br \/>\n<\/span><\/li>\n<\/ul>\n<p>[\/et_pb_text][et_pb_text _builder_version=\u00a0\u00bb4.16&Prime; _module_preset=\u00a0\u00bbdefault\u00a0\u00bb text_font_size=\u00a0\u00bb16px\u00a0\u00bb global_colors_info=\u00a0\u00bb{}\u00a0\u00bb]<\/p>\n<p style=\"text-align: justify;\"><span style=\"color: #ffffff;\"><strong>Formation<\/strong><br \/>\u2022 Universit\u00e9 Panth\u00e9on-Sorbonne (Paris I), DEA Droit des affaires (1981)<br \/>\u2022 Institute of Directors (Londres), Dipl\u00f4me d\u2019administrateur international de soci\u00e9t\u00e9s (2016)<br \/><\/span><\/p>\n<p>[\/et_pb_text][\/et_pb_column][\/et_pb_row][\/et_pb_section][et_pb_section fb_built=\u00a0\u00bb1&Prime; _builder_version=\u00a0\u00bb4.16&Prime; _module_preset=\u00a0\u00bbdefault\u00a0\u00bb background_color=\u00a0\u00bb#516368&Prime; global_colors_info=\u00a0\u00bb{}\u00a0\u00bb][et_pb_row _builder_version=\u00a0\u00bb4.16&Prime; _module_preset=\u00a0\u00bbdefault\u00a0\u00bb global_colors_info=\u00a0\u00bb{}\u00a0\u00bb][et_pb_column type=\u00a0\u00bb4_4&Prime; _builder_version=\u00a0\u00bb4.16&Prime; _module_preset=\u00a0\u00bbdefault\u00a0\u00bb global_colors_info=\u00a0\u00bb{}\u00a0\u00bb][et_pb_text _builder_version=\u00a0\u00bb4.16&Prime; _module_preset=\u00a0\u00bbdefault\u00a0\u00bb link_font_tablet=\u00a0\u00bb\u00a0\u00bb link_font_phone=\u00a0\u00bb\u00a0\u00bb link_font_last_edited=\u00a0\u00bbon|desktop\u00a0\u00bb global_colors_info=\u00a0\u00bb{}\u00a0\u00bb link_text_color__hover_enabled=\u00a0\u00bbon|hover\u00a0\u00bb link_text_color__hover=\u00a0\u00bb#f7e7ce\u00a0\u00bb]<\/p>\n<p><a href=\"https:\/\/castellanearbitration.com\/wp-content\/uploads\/2021\/06\/2010-12-15-annonces-de-la-seine.pdf\" target=\"_blank\" rel=\"noopener\"><span style=\"color: #ffffff;\">2010-12-15 &#8211; B\u00e9atrice Castellane, Chevalier de La L\u00e9gion d&rsquo;Honneur (FR) <\/span><\/a><br \/><a href=\"https:\/\/castellanearbitration.com\/wp-content\/uploads\/2021\/06\/2010-12-15-annonces-de-la-seine.pdf\" target=\"_blank\" rel=\"noopener\"><span style=\"color: #ffffff;\"><em>Les Annonces de la Seine nr 65, p32<\/em><\/span><\/a><\/p>\n<p><a href=\"https:\/\/castellanearbitration.com\/wp-content\/uploads\/2021\/06\/2016-03-31-Article-Maitre-Castellane-OHADA-appreciation.pdf\" target=\"_blank\" rel=\"noopener\"><em><\/em><\/a><\/p>\n<p>[\/et_pb_text][\/et_pb_column][\/et_pb_row][\/et_pb_section]<\/p>\n","protected":false},"excerpt":{"rendered":"<p>BiographieB\u00e9atrice CASTELLANE Arbitre Internationale\u00a0 Fondatrice du Cabinet CASTELLANE AVOCATS et Avocate d\u2019affaires inscrite au Barreau de Paris depuis 1983, B\u00e9atrice Castellane est Arbitre internationale depuis 2008 et Ancien Membre du Conseil de l\u2019Ordre des Avocats de Paris (2004-2007). Conseil de soci\u00e9t\u00e9s fran\u00e7aises et \u00e9trang\u00e8res, elle est intervenue en qualit\u00e9 de conseil ou d\u2019arbitre dans de [&hellip;]<\/p>\n","protected":false},"author":2,"featured_media":0,"parent":0,"menu_order":0,"comment_status":"closed","ping_status":"closed","template":"","meta":{"_et_pb_use_builder":"on","_et_pb_old_content":"","_et_gb_content_width":"","footnotes":""},"class_list":["post-660","page","type-page","status-publish","hentry"],"yoast_head":"<!-- This site is optimized with the Yoast SEO plugin v27.3 - https:\/\/yoast.com\/product\/yoast-seo-wordpress\/ -->\n<title>Biographie - Castellane Arbitration<\/title>\n<meta name=\"description\" content=\"Cabinet Castellane Avocats - Arbitrage international - Conseil de parties en arbitrage - B\u00e9atrice Castellane - Avocate au Barreau de Paris depuis 1983 -\" \/>\n<meta name=\"robots\" content=\"index, follow, max-snippet:-1, max-image-preview:large, max-video-preview:-1\" \/>\n<link rel=\"canonical\" href=\"https:\/\/castellanearbitration.com\/index.php\/biographie\/\" \/>\n<meta property=\"og:locale\" content=\"fr_FR\" \/>\n<meta property=\"og:type\" content=\"article\" \/>\n<meta property=\"og:title\" content=\"Biographie - Castellane Arbitration\" \/>\n<meta property=\"og:description\" content=\"Cabinet Castellane Avocats - Arbitrage international - Conseil de parties en arbitrage - B\u00e9atrice Castellane - Avocate au Barreau de Paris depuis 1983 -\" \/>\n<meta property=\"og:url\" content=\"https:\/\/castellanearbitration.com\/index.php\/biographie\/\" \/>\n<meta property=\"og:site_name\" content=\"Castellane Arbitration\" \/>\n<meta property=\"article:modified_time\" content=\"2025-04-22T12:37:31+00:00\" \/>\n<meta name=\"twitter:card\" content=\"summary_large_image\" \/>\n<meta name=\"twitter:label1\" content=\"Dur\u00e9e de lecture estim\u00e9e\" \/>\n\t<meta name=\"twitter:data1\" content=\"3 minutes\" \/>\n<script type=\"application\/ld+json\" class=\"yoast-schema-graph\">{\"@context\":\"https:\\\/\\\/schema.org\",\"@graph\":[{\"@type\":\"WebPage\",\"@id\":\"https:\\\/\\\/castellanearbitration.com\\\/index.php\\\/biographie\\\/\",\"url\":\"https:\\\/\\\/castellanearbitration.com\\\/index.php\\\/biographie\\\/\",\"name\":\"Biographie - Castellane Arbitration\",\"isPartOf\":{\"@id\":\"https:\\\/\\\/castellanearbitration.com\\\/#website\"},\"datePublished\":\"2021-06-16T12:03:56+00:00\",\"dateModified\":\"2025-04-22T12:37:31+00:00\",\"description\":\"Cabinet Castellane Avocats - Arbitrage international - Conseil de parties en arbitrage - B\u00e9atrice Castellane - Avocate au Barreau de Paris depuis 1983 -\",\"breadcrumb\":{\"@id\":\"https:\\\/\\\/castellanearbitration.com\\\/index.php\\\/biographie\\\/#breadcrumb\"},\"inLanguage\":\"fr-FR\",\"potentialAction\":[{\"@type\":\"ReadAction\",\"target\":[\"https:\\\/\\\/castellanearbitration.com\\\/index.php\\\/biographie\\\/\"]}]},{\"@type\":\"BreadcrumbList\",\"@id\":\"https:\\\/\\\/castellanearbitration.com\\\/index.php\\\/biographie\\\/#breadcrumb\",\"itemListElement\":[{\"@type\":\"ListItem\",\"position\":1,\"name\":\"Accueil\",\"item\":\"https:\\\/\\\/castellanearbitration.com\\\/\"},{\"@type\":\"ListItem\",\"position\":2,\"name\":\"Biographie\"}]},{\"@type\":\"WebSite\",\"@id\":\"https:\\\/\\\/castellanearbitration.com\\\/#website\",\"url\":\"https:\\\/\\\/castellanearbitration.com\\\/\",\"name\":\"Castellane Arbitration\",\"description\":\"Arbitrage international et Conseil\",\"potentialAction\":[{\"@type\":\"SearchAction\",\"target\":{\"@type\":\"EntryPoint\",\"urlTemplate\":\"https:\\\/\\\/castellanearbitration.com\\\/?s={search_term_string}\"},\"query-input\":{\"@type\":\"PropertyValueSpecification\",\"valueRequired\":true,\"valueName\":\"search_term_string\"}}],\"inLanguage\":\"fr-FR\"}]}<\/script>\n<!-- \/ Yoast SEO plugin. -->","yoast_head_json":{"title":"Biographie - Castellane Arbitration","description":"Cabinet Castellane Avocats - Arbitrage international - Conseil de parties en arbitrage - B\u00e9atrice Castellane - Avocate au Barreau de Paris depuis 1983 -","robots":{"index":"index","follow":"follow","max-snippet":"max-snippet:-1","max-image-preview":"max-image-preview:large","max-video-preview":"max-video-preview:-1"},"canonical":"https:\/\/castellanearbitration.com\/index.php\/biographie\/","og_locale":"fr_FR","og_type":"article","og_title":"Biographie - Castellane Arbitration","og_description":"Cabinet Castellane Avocats - Arbitrage international - Conseil de parties en arbitrage - B\u00e9atrice Castellane - Avocate au Barreau de Paris depuis 1983 -","og_url":"https:\/\/castellanearbitration.com\/index.php\/biographie\/","og_site_name":"Castellane Arbitration","article_modified_time":"2025-04-22T12:37:31+00:00","twitter_card":"summary_large_image","twitter_misc":{"Dur\u00e9e de lecture estim\u00e9e":"3 minutes"},"schema":{"@context":"https:\/\/schema.org","@graph":[{"@type":"WebPage","@id":"https:\/\/castellanearbitration.com\/index.php\/biographie\/","url":"https:\/\/castellanearbitration.com\/index.php\/biographie\/","name":"Biographie - Castellane Arbitration","isPartOf":{"@id":"https:\/\/castellanearbitration.com\/#website"},"datePublished":"2021-06-16T12:03:56+00:00","dateModified":"2025-04-22T12:37:31+00:00","description":"Cabinet Castellane Avocats - Arbitrage international - Conseil de parties en arbitrage - B\u00e9atrice Castellane - Avocate au Barreau de Paris depuis 1983 -","breadcrumb":{"@id":"https:\/\/castellanearbitration.com\/index.php\/biographie\/#breadcrumb"},"inLanguage":"fr-FR","potentialAction":[{"@type":"ReadAction","target":["https:\/\/castellanearbitration.com\/index.php\/biographie\/"]}]},{"@type":"BreadcrumbList","@id":"https:\/\/castellanearbitration.com\/index.php\/biographie\/#breadcrumb","itemListElement":[{"@type":"ListItem","position":1,"name":"Accueil","item":"https:\/\/castellanearbitration.com\/"},{"@type":"ListItem","position":2,"name":"Biographie"}]},{"@type":"WebSite","@id":"https:\/\/castellanearbitration.com\/#website","url":"https:\/\/castellanearbitration.com\/","name":"Castellane Arbitration","description":"Arbitrage international et Conseil","potentialAction":[{"@type":"SearchAction","target":{"@type":"EntryPoint","urlTemplate":"https:\/\/castellanearbitration.com\/?s={search_term_string}"},"query-input":{"@type":"PropertyValueSpecification","valueRequired":true,"valueName":"search_term_string"}}],"inLanguage":"fr-FR"}]}},"_links":{"self":[{"href":"https:\/\/castellanearbitration.com\/index.php\/wp-json\/wp\/v2\/pages\/660","targetHints":{"allow":["GET"]}}],"collection":[{"href":"https:\/\/castellanearbitration.com\/index.php\/wp-json\/wp\/v2\/pages"}],"about":[{"href":"https:\/\/castellanearbitration.com\/index.php\/wp-json\/wp\/v2\/types\/page"}],"author":[{"embeddable":true,"href":"https:\/\/castellanearbitration.com\/index.php\/wp-json\/wp\/v2\/users\/2"}],"replies":[{"embeddable":true,"href":"https:\/\/castellanearbitration.com\/index.php\/wp-json\/wp\/v2\/comments?post=660"}],"version-history":[{"count":10,"href":"https:\/\/castellanearbitration.com\/index.php\/wp-json\/wp\/v2\/pages\/660\/revisions"}],"predecessor-version":[{"id":10172,"href":"https:\/\/castellanearbitration.com\/index.php\/wp-json\/wp\/v2\/pages\/660\/revisions\/10172"}],"wp:attachment":[{"href":"https:\/\/castellanearbitration.com\/index.php\/wp-json\/wp\/v2\/media?parent=660"}],"curies":[{"name":"wp","href":"https:\/\/api.w.org\/{rel}","templated":true}]}}